


{"id":1521,"date":"2024-04-20T22:43:12","date_gmt":"2024-04-20T20:43:12","guid":{"rendered":"https:\/\/reusingrooftops.com\/product\/reusing-rooftops-barcelona-2024-concurso-de-arquitectura\/"},"modified":"2024-04-22T12:06:35","modified_gmt":"2024-04-22T10:06:35","slug":"reusing-rooftops-barcelona-2024-concurso-de-arquitectura","status":"publish","type":"product","link":"https:\/\/reusingrooftops.com\/es\/producto\/reusing-rooftops-barcelona-2024-concurso-de-arquitectura\/","title":{"rendered":"Reusing Rooftops Barcelona 2024 &#8211; Concurso de arquitectura"},"content":{"rendered":"<p><strong>Reutilizaci\u00f3n de azoteas Barcelona 2024 &#8211; Concurso de arquitectura<\/strong><\/p>\n<p>Al inscribirte, t\u00fa y tu equipo tendr\u00e9is acceso a participar en este concurso, junto con recursos esenciales dise\u00f1ados para estimular vuestra creatividad y guiar vuestro proyecto hacia el \u00e9xito.<\/p>\n<p>Esto incluye un <strong>archivo AutoCAD 2D<\/strong> de un bloque prototipo en Barcelona, que proporciona un trazado fundacional sobre el que construir tus ideas innovadoras. Adem\u00e1s, estar\u00e1 disponible un <strong>archivo Revit 3D<\/strong> del bloque. Junto a estas herramientas, recibir\u00e1s informaci\u00f3n especializada adicional sobre las azoteas de Barcelona, disponible s\u00f3lo para los participantes.<\/p>\n<p>Inscr\u00edbete ahora para empezar a transformar los espacios urbanos en entornos inspiradores y sostenibles.<\/p>\n","protected":false},"excerpt":{"rendered":"<p>Inscr\u00edbete y accede al Concurso de Arquitectura Reusing Rooftops Barcelona 2024<\/p>\n","protected":false},"featured_media":1487,"template":"","meta":{"om_disable_all_campaigns":false,"_monsterinsights_skip_tracking":false,"_monsterinsights_sitenote_active":false,"_monsterinsights_sitenote_note":"","_monsterinsights_sitenote_category":0},"product_cat":[50],"product_tag":[52],"aioseo_notices":[],"_links":{"self":[{"href":"https:\/\/reusingrooftops.com\/es\/wp-json\/wp\/v2\/product\/1521"}],"collection":[{"href":"https:\/\/reusingrooftops.com\/es\/wp-json\/wp\/v2\/product"}],"about":[{"href":"https:\/\/reusingrooftops.com\/es\/wp-json\/wp\/v2\/types\/product"}],"wp:featuredmedia":[{"embeddable":true,"href":"https:\/\/reusingrooftops.com\/es\/wp-json\/wp\/v2\/media\/1487"}],"wp:attachment":[{"href":"https:\/\/reusingrooftops.com\/es\/wp-json\/wp\/v2\/media?parent=1521"}],"wp:term":[{"taxonomy":"product_cat","embeddable":true,"href":"https:\/\/reusingrooftops.com\/es\/wp-json\/wp\/v2\/product_cat?post=1521"},{"taxonomy":"product_tag","embeddable":true,"href":"https:\/\/reusingrooftops.com\/es\/wp-json\/wp\/v2\/product_tag?post=1521"}],"curies":[{"name":"wp","href":"https:\/\/api.w.org\/{rel}","templated":true}]}}