


{"id":1283,"date":"2024-04-10T15:53:52","date_gmt":"2024-04-10T13:53:52","guid":{"rendered":"https:\/\/reusingrooftops.com\/terminos-condiciones-y-politica-de-privacidad\/"},"modified":"2024-04-19T12:15:53","modified_gmt":"2024-04-19T10:15:53","slug":"terminos","status":"publish","type":"page","link":"https:\/\/reusingrooftops.com\/es\/terminos\/","title":{"rendered":"T\u00e9rminos, condiciones y pol\u00edtica de privacidad"},"content":{"rendered":"[vc_row type=\u00bbin_container\u00bb full_screen_row_position=\u00bbmiddle\u00bb column_margin=\u00bbdefault\u00bb column_direction=\u00bbdefault\u00bb column_direction_tablet=\u00bbdefault\u00bb column_direction_phone=\u00bbdefault\u00bb scene_position=\u00bbcenter\u00bb text_color=\u00bbdark\u00bb text_align=\u00bbleft\u00bb row_border_radius=\u00bbnone\u00bb row_border_radius_applies=\u00bbbg\u00bb overflow=\u00bbvisible\u00bb overlay_strength=\u00bb0.3&#8243; gradient_direction=\u00bbleft_to_right\u00bb shape_divider_position=\u00bbbottom\u00bb bg_image_animation=\u00bbnone\u00bb][vc_column column_padding=\u00bbno-extra-padding\u00bb column_padding_tablet=\u00bbinherit\u00bb column_padding_phone=\u00bbinherit\u00bb column_padding_position=\u00bball\u00bb column_element_direction_desktop=\u00bbdefault\u00bb column_element_spacing=\u00bbdefault\u00bb desktop_text_alignment=\u00bbdefault\u00bb tablet_text_alignment=\u00bbdefault\u00bb phone_text_alignment=\u00bbdefault\u00bb background_color_opacity=\u00bb1&#8243; background_hover_color_opacity=\u00bb1&#8243; column_backdrop_filter=\u00bbnone\u00bb column_shadow=\u00bbnone\u00bb column_border_radius=\u00bbnone\u00bb column_link_target=\u00bb_self\u00bb column_position=\u00bbdefault\u00bb gradient_direction=\u00bbleft_to_right\u00bb overlay_strength=\u00bb0.3&#8243; width=\u00bb1\/1&#8243; tablet_width_inherit=\u00bbdefault\u00bb animation_type=\u00bbdefault\u00bb bg_image_animation=\u00bbnone\u00bb border_type=\u00bbsimple\u00bb column_border_width=\u00bbnone\u00bb column_border_style=\u00bbsolid\u00bb][vc_column_text text_direction=\u00bbdefault\u00bb]\n<h3><strong>T\u00c9RMINOS, CONDICIONES Y POL\u00cdTICA DE PRIVACIDAD<\/strong><\/h3>\n<p>Al registrarte en nuestro sitio web y participar en nuestros concursos, aceptas estos T\u00e9rminos y Condiciones. Por favor, l\u00e9elos detenidamente:<\/p>\n<p>\u00daLTIMA ACTUALIZACI\u00d3N: Abril de 2024<\/p>\n<p>&nbsp;<\/p>\n<ol>\n<li><strong> DEFINICIONES<\/strong><\/li>\n<\/ol>\n<p>\u00abUsuario\u00bb se refiere a cualquier persona que utiliza nuestro sitio web, se registra en \u00e9l o participa en nuestros concursos.<\/p>\n<p>\u00abProyecto\u00bb se refiere a cualquier trabajo, material o documento presentado por un usuario en nuestros concursos a trav\u00e9s de nuestro sitio web.<\/p>\n<p>&nbsp;<\/p>\n<ol start=\"2\">\n<li><strong> USO DEL SITIO WEB<\/strong><\/li>\n<\/ol>\n<p>Los usuarios deben tener al menos 18 a\u00f1os para usar nuestro sitio web, registrarse en \u00e9l y participar en nuestros concursos. Al usar nuestro sitio web, garantizas que cumples con este requisito.<\/p>\n<p>Reusing Rooftops se reserva el derecho de modificar o retirar temporal o permanentemente la informaci\u00f3n contenida en este sitio web (o cualquier parte de ella) con o sin previo aviso.<\/p>\n<p>&nbsp;<\/p>\n<ol start=\"3\">\n<li><strong> POL\u00cdTICA DE PRIVACIDAD Y PROTECCI\u00d3N DE DATOS<\/strong><\/li>\n<\/ol>\n<p>Reusing Rooftops recopilar\u00e1, procesar\u00e1 y proteger\u00e1 los datos personales recogidos a trav\u00e9s de este sitio web de acuerdo con el Reglamento General de Protecci\u00f3n de Datos de la UE y la legislaci\u00f3n espa\u00f1ola de protecci\u00f3n de datos vigente.<\/p>\n<p>Al registrarte en nuestro sitio web o participar en nuestros concursos, consientes el tratamiento de tus datos personales de la manera y para los fines indicados a continuaci\u00f3n.<\/p>\n<p>3.1. DATOS PERSONALES QUE RECOGEMOS<\/p>\n<p>Solo recogemos los datos personales que nos proporcionas al registrarte en nuestro sitio web y participar en nuestros concursos. Estos datos incluyen tu nombre, edad, nacionalidad, pa\u00eds de residencia, direcci\u00f3n de correo electr\u00f3nico y, si corresponde, la universidad donde estudias.<\/p>\n<p>3.2. C\u00d3MO UTILIZAMOS TUS DATOS PERSONALES<\/p>\n<p>Utilizamos tus datos personales exclusivamente para gestionar nuestros concursos, comunicarnos contigo y mejorar nuestro sitio web.<\/p>\n<p>El env\u00edo de informaci\u00f3n sobre pr\u00f3ximos concursos u otra informaci\u00f3n comercial requiere consentimiento expreso, que puede ser revocado en cualquier momento.<\/p>\n<p>3.3. C\u00d3MO PROTEGEMOS TUS DATOS PERSONALES<\/p>\n<p>Implementamos medidas de seguridad para proteger tus datos personales contra el acceso o modificaci\u00f3n no autorizados, la divulgaci\u00f3n o destrucci\u00f3n.<\/p>\n<p>Los datos personales recogidos no ser\u00e1n comunicados a terceros. Estos datos solo ser\u00e1n accesibles al equipo de Reusing Rooftops y a los expertos involucrados en los concursos. Solo se podr\u00e1n comunicar datos necesarios y esenciales a proveedores de servicios que no estar\u00e1n autorizados a hacer ning\u00fan uso diferente de dichos datos. Estos datos tambi\u00e9n pueden ser compartidos con medios de comunicaci\u00f3n y a trav\u00e9s de redes sociales con el \u00fanico prop\u00f3sito de publicar y difundir los resultados de un concurso. Tambi\u00e9n pueden ser comunicados en el contexto de una investigaci\u00f3n judicial o cuando lo requiera una disposici\u00f3n legal.<\/p>\n<p>3.4. TUS DERECHOS<\/p>\n<p>Tienes derecho a acceder a tus datos personales, rectificarlos, solicitar su eliminaci\u00f3n, oponerte a su tratamiento y solicitar la limitaci\u00f3n de su tratamiento. Puedes ejercer estos derechos a trav\u00e9s del siguiente correo electr\u00f3nico: info@reusingrooftops.com<\/p>\n<p>3.5. RESPONSABLE DEL TRATAMIENTO DE LOS DATOS<\/p>\n<p>Archstorming S.L. CIF: B-55289433 C\/ Tom\u00e1s Boada 19, 17240 Llagostera, Girona (Espa\u00f1a).<\/p>\n<p>&nbsp;<\/p>\n<ol start=\"4\">\n<li><strong> POL\u00cdTICA DE COOKIES<\/strong><\/li>\n<\/ol>\n<p>4.1. \u00bfQU\u00c9 SON LAS COOKIES?<\/p>\n<p>Las cookies son peque\u00f1os archivos de texto que se almacenan en tu dispositivo cuando visitas nuestro sitio web y se utilizan para registrar las actividades del usuario durante su tiempo de navegaci\u00f3n. Son an\u00f3nimas y no pueden proporcionar datos personales por s\u00ed solas.<\/p>\n<p>4.2. C\u00d3MO UTILIZAMOS LAS COOKIES<\/p>\n<p>Utilizamos cookies para recordar tus preferencias, entender c\u00f3mo usas nuestro sitio web, personalizar contenidos y publicidad y, en general, mejorar la experiencia del usuario en nuestro sitio web.<\/p>\n<p>4.3. C\u00d3MO GESTIONAR LAS COOKIES<\/p>\n<p>Al ingresar a nuestro sitio web, podr\u00e1s aceptar o rechazar el uso de cookies. Tambi\u00e9n puedes gestionar las cookies a trav\u00e9s de la configuraci\u00f3n de tu navegador. Sin embargo, si desactivas las cookies, algunas partes de nuestro sitio web podr\u00edan no funcionar correctamente.<\/p>\n<p>&nbsp;<\/p>\n<ol start=\"5\">\n<li><strong> CONTENIDO DE TERCEROS<\/strong><\/li>\n<\/ol>\n<p>Nuestro sitio web puede contener enlaces a sitios web de terceros. Reusing Rooftops no es responsable del contenido y las pol\u00edticas de protecci\u00f3n de datos de estos sitios web de terceros.<\/p>\n<p>Asimismo, toda la informaci\u00f3n y comentarios subidos por los usuarios a trav\u00e9s de cualquier canal de participaci\u00f3n habilitado en el sitio web se consideran otorgados a Reusing Rooftops. Los usuarios son responsables de la legalidad y adecuaci\u00f3n del contenido que comparten a trav\u00e9s de estos canales de participaci\u00f3n. Reusing Rooftops no ser\u00e1 responsable de dicho contenido subido por los usuarios y se reserva el derecho de publicarlo o retirarlo.<\/p>\n<p>&nbsp;<\/p>\n<ol start=\"6\">\n<li><strong> INFORMACI\u00d3N LEGAL<\/strong><\/li>\n<\/ol>\n<p>El propietario de este sitio web es Archstorming S.L. con n\u00famero de identificaci\u00f3n fiscal: B-55289433, domicilio registrado en C\/ Tom\u00e1s Boada 19, Llagostera, Girona (Espa\u00f1a) y registrado en el registro comercial de Girona (Espa\u00f1a).<\/p>\n<p>Archstorming S.L. reserva todos los derechos sobre el dominio www.reusingrooftops.com, incluyendo su nombre, dise\u00f1o, c\u00f3digos fuente, estructura de navegaci\u00f3n y bases de datos, entre otros, as\u00ed como sobre la marca \u00abReusing Rooftops\u00bb y su logo, que est\u00e1n legalmente protegidos. El uso no autorizado por terceros llevar\u00e1 a responsabilidad y la correspondiente compensaci\u00f3n por da\u00f1os seg\u00fan la legislaci\u00f3n vigente.<\/p>\n<p>En todos los asuntos que afecten al tr\u00e1fico legal o que involucren relaciones legales con terceros o obligaciones legales, todas las referencias a \u00abReusing Rooftops\u00bb contenidas en estos T\u00e9rminos y Condiciones se entender\u00e1n hechas al propietario de la marca Archstorming S.L., que es el \u00fanico sujeto que tiene capacidad legal para contraer obligaciones y reclamar sus derechos.<\/p>\n<p>&nbsp;<\/p>\n<ol start=\"7\">\n<li><strong> MODIFICACI\u00d3N DE LOS T\u00c9RMINOS Y CONDICIONES<\/strong><\/li>\n<\/ol>\n<p>Reusing Rooftops se reserva el derecho de modificar estos T\u00e9rminos y Condiciones en cualquier momento. Las modificaciones entrar\u00e1n en vigor tras su publicaci\u00f3n en este sitio web y vincular\u00e1n directamente al usuario, quien tiene la obligaci\u00f3n de revisarlos peri\u00f3dicamente. La fecha de la \u00faltima modificaci\u00f3n de estos T\u00e9rminos y Condiciones siempre ser\u00e1 indicada en la parte superior.<\/p>\n<p>&nbsp;<\/p>\n<ol start=\"8\">\n<li><strong> LEY APLICABLE Y JURISDICCI\u00d3N<\/strong><\/li>\n<\/ol>\n<p>Estos T\u00e9rminos y Condiciones se rigen por la ley espa\u00f1ola. Cualquier disputa que surja en relaci\u00f3n con estos T\u00e9rminos y Condiciones ser\u00e1 resuelta en los tribunales de Espa\u00f1a.<\/p>\n<p>&nbsp;<\/p>\n<h3><strong>REGLAS DE PARTICIPACI\u00d3N EN EL CONCURSO <\/strong><\/h3>\n<p>\u00daLTIMA ACTUALIZACI\u00d3N: Abril de 2024<\/p>\n<p>&nbsp;<\/p>\n<ol>\n<li><strong> ELEGIBILIDAD Y REGISTRO<\/strong><\/li>\n<\/ol>\n<p>Los concursos est\u00e1n abiertos a cualquier individuo mayor de 18 a\u00f1os, independientemente de su nacionalidad o disciplina.<\/p>\n<p>Para participar en un concurso, debes registrarte a trav\u00e9s de nuestro sitio web, pagar el precio estipulado y aceptar los T\u00e9rminos y Condiciones.<\/p>\n<p>El registro se realiza en equipos, que pueden estar compuestos por uno a cuatro participantes. Cada equipo registrado puede presentar un solo proyecto. Si un equipo desea presentar m\u00e1s de un proyecto, deber\u00e1 formalizar tantas inscripciones como proyectos desee presentar en el concurso, pagando el precio correspondiente por cada inscripci\u00f3n.<\/p>\n<p>&nbsp;<\/p>\n<ol start=\"2\">\n<li><strong> PRECIO Y PREMIOS<\/strong><\/li>\n<\/ol>\n<p>El precio de inscripci\u00f3n es por equipo (no por persona) y var\u00eda seg\u00fan el per\u00edodo de inscripci\u00f3n. Hay dos per\u00edodos de inscripci\u00f3n; el precio para cada per\u00edodo est\u00e1 indicado en el sitio web y en el briefing. El precio no incluye el IVA.<\/p>\n<p>Para participar en nuestros concursos, debes registrarte a trav\u00e9s de nuestro sitio web y pagar el precio establecido. Una vez realizados correctamente el registro y el pago y otorgado el acceso a los materiales del concurso, no se aceptar\u00e1n cancelaciones ni reembolsos.<\/p>\n<p>Las retenciones fiscales vigentes ser\u00e1n aplicadas a los premios anunciados seg\u00fan la ley fiscal espa\u00f1ola vigente.<\/p>\n<p>&nbsp;<\/p>\n<ol start=\"3\">\n<li><strong> INFORMACI\u00d3N Y MATERIALES ADICIONALES<\/strong><\/li>\n<\/ol>\n<p>Toda la informaci\u00f3n relevante para cada concurso, incluyendo su tema y requisitos, el jurado seleccionado, la fecha l\u00edmite establecida, las instrucciones de env\u00edo del proyecto o los premios otorgados, entre otros aspectos, se establecer\u00e1 en el briefing de cada concurso y en la secci\u00f3n correspondiente del sitio web.<\/p>\n<p>Adem\u00e1s, los concursos pueden estar acompa\u00f1ados de material adicional, documentaci\u00f3n e informaci\u00f3n proporcionada a los participantes despu\u00e9s de su registro y pago del precio correspondiente.<\/p>\n<p>&nbsp;<\/p>\n<ol start=\"4\">\n<li><strong> SELECCI\u00d3N DE LOS GANADORES<\/strong><\/li>\n<\/ol>\n<p>Los proyectos presentados que no cumplan con los requisitos de elegibilidad, con los T\u00e9rminos y Condiciones o con estas Reglas de Participaci\u00f3n en el Concurso ser\u00e1n descalificados.<\/p>\n<p>Posteriormente, los expertos de Reusing Rooftops seleccionar\u00e1n aquellos proyectos que mejor cumplan con los criterios de evaluaci\u00f3n publicados. Estos proyectos seleccionados por Reusing Rooftops ser\u00e1n presentados al jurado, que los evaluar\u00e1 siguiendo los criterios de evaluaci\u00f3n publicados. Los miembros del jurado podr\u00e1n tener acceso, si lo solicitan, a todos los proyectos presentados.<\/p>\n<p>Los ganadores ser\u00e1n elegidos por el jurado a trav\u00e9s de votos individuales de los miembros y despu\u00e9s de una reuni\u00f3n y discusi\u00f3n conjunta.<\/p>\n<p>&nbsp;<\/p>\n<ol start=\"5\">\n<li><strong> PROPIEDAD INTELECTUAL<\/strong><\/li>\n<\/ol>\n<p>Los usuarios garantizan que son los autores intelectuales de los proyectos presentados y que no est\u00e1n infringiendo ning\u00fan derecho de propiedad intelectual con su presentaci\u00f3n al concurso.<\/p>\n<p>Los usuarios conservar\u00e1n los derechos de autor de sus proyectos. Sin embargo, al participar en un concurso y presentar un proyecto, otorgan a Reusing Rooftops una licencia mundial, gratuita y no exclusiva para usar, reproducir, publicar y distribuir el proyecto en cualquier formato y a trav\u00e9s de cualquier medio de difusi\u00f3n.<\/p>\n<p>&nbsp;<\/p>\n<ol start=\"6\">\n<li><strong> CANCELACI\u00d3N DEL CONCURSO<\/strong><\/li>\n<\/ol>\n<p>Reusing Rooftops se reserva el derecho de cancelar un concurso debido a la falta de inscripciones, dando previo aviso a los usuarios que ya se hayan registrado y pagado el precio. En este caso, el importe total del precio ser\u00e1 reembolsado dentro de los 15 d\u00edas siguientes a la notificaci\u00f3n de la cancelaci\u00f3n.<\/p>\n<p>&nbsp;<\/p>\n<ol start=\"7\">\n<li><strong> MODIFICACI\u00d3N DE LAS REGLAS DE PARTICIPACI\u00d3N EN EL CONCURSO<\/strong><\/li>\n<\/ol>\n<p>Reusing Rooftops se reserva el derecho de modificar estas Reglas de Participaci\u00f3n en el Concurso en cualquier momento, siendo vinculantes para los usuarios desde el momento en que se publiquen en el sitio web. La fecha de la \u00faltima modificaci\u00f3n ser\u00e1 indicada en la parte superior.<\/p>\n<p>&nbsp;<\/p>\n<p><strong>CONTACTO<\/strong><\/p>\n<p>Si tienes alguna pregunta sobre estos T\u00e9rminos y Condiciones o sobre las Reglas de Participaci\u00f3n en el Concurso, puedes contactarnos a trav\u00e9s de nuestro correo electr\u00f3nico: info@reusingrooftops.com.<\/p>\n[\/vc_column_text][\/vc_column][\/vc_row]\n","protected":false},"excerpt":{"rendered":"<p>[vc_row type=\u00bbin_container\u00bb full_screen_row_position=\u00bbmiddle\u00bb column_margin=\u00bbdefault\u00bb column_direction=\u00bbdefault\u00bb column_direction_tablet=\u00bbdefault\u00bb column_direction_phone=\u00bbdefault\u00bb scene_position=\u00bbcenter\u00bb text_color=\u00bbdark\u00bb text_align=\u00bbleft\u00bb row_border_radius=\u00bbnone\u00bb row_border_radius_applies=\u00bbbg\u00bb overflow=\u00bbvisible\u00bb overlay_strength=\u00bb0.3&#8243; gradient_direction=\u00bbleft_to_right\u00bb shape_divider_position=\u00bbbottom\u00bb bg_image_animation=\u00bbnone\u00bb][vc_column column_padding=\u00bbno-extra-padding\u00bb column_padding_tablet=\u00bbinherit\u00bb column_padding_phone=\u00bbinherit\u00bb column_padding_position=\u00bball\u00bb column_element_direction_desktop=\u00bbdefault\u00bb column_element_spacing=\u00bbdefault\u00bb desktop_text_alignment=\u00bbdefault\u00bb tablet_text_alignment=\u00bbdefault\u00bb phone_text_alignment=\u00bbdefault\u00bb background_color_opacity=\u00bb1&#8243; background_hover_color_opacity=\u00bb1&#8243; column_backdrop_filter=\u00bbnone\u00bb column_shadow=\u00bbnone\u00bb&#8230;<\/p>\n","protected":false},"author":1,"featured_media":0,"parent":0,"menu_order":0,"comment_status":"closed","ping_status":"open","template":"","meta":{"om_disable_all_campaigns":false,"_monsterinsights_skip_tracking":false,"_monsterinsights_sitenote_active":false,"_monsterinsights_sitenote_note":"","_monsterinsights_sitenote_category":0,"footnotes":""},"aioseo_notices":[],"_links":{"self":[{"href":"https:\/\/reusingrooftops.com\/es\/wp-json\/wp\/v2\/pages\/1283"}],"collection":[{"href":"https:\/\/reusingrooftops.com\/es\/wp-json\/wp\/v2\/pages"}],"about":[{"href":"https:\/\/reusingrooftops.com\/es\/wp-json\/wp\/v2\/types\/page"}],"author":[{"embeddable":true,"href":"https:\/\/reusingrooftops.com\/es\/wp-json\/wp\/v2\/users\/1"}],"replies":[{"embeddable":true,"href":"https:\/\/reusingrooftops.com\/es\/wp-json\/wp\/v2\/comments?post=1283"}],"version-history":[{"count":25,"href":"https:\/\/reusingrooftops.com\/es\/wp-json\/wp\/v2\/pages\/1283\/revisions"}],"predecessor-version":[{"id":1372,"href":"https:\/\/reusingrooftops.com\/es\/wp-json\/wp\/v2\/pages\/1283\/revisions\/1372"}],"wp:attachment":[{"href":"https:\/\/reusingrooftops.com\/es\/wp-json\/wp\/v2\/media?parent=1283"}],"curies":[{"name":"wp","href":"https:\/\/api.w.org\/{rel}","templated":true}]}}