


{"id":1522,"date":"2024-04-20T22:43:12","date_gmt":"2024-04-20T20:43:12","guid":{"rendered":"https:\/\/reusingrooftops.com\/product\/reusing-rooftops-barcelona-2024-concurs-darquitectura\/"},"modified":"2024-04-22T12:10:35","modified_gmt":"2024-04-22T10:10:35","slug":"reusing-rooftops-barcelona-2024-concurs-darquitectura","status":"publish","type":"product","link":"https:\/\/reusingrooftops.com\/ca\/producte\/reusing-rooftops-barcelona-2024-concurs-darquitectura\/","title":{"rendered":"Reusing Rooftops Barcelona 2024 &#8211; Concurs d&#8217;Arquitectura"},"content":{"rendered":"<p><strong>Reusing Rooftops Barcelona 2024 &#8211; Concurs d&#8217;Arquitectura<\/strong><\/p>\n<p>En registrar-se, tu i el teu equip obtindr\u00e0n acc\u00e9s per participar en aquest concurs, juntament amb recursos essencials dissenyats per estimular la vostra creativitat i guiar el vostre projecte cap a l&#8217;\u00e8xit.<\/p>\n<p>Aix\u00f2 inclou un <strong>fitxer AutoCAD 2D<\/strong> d&#8217;un bloc prototip a Barcelona, \u200b\u200bque proporciona un disseny b\u00e0sic sobre el qual construir les vostres idees innovadores. A m\u00e9s, hi haur\u00e0 disponible un <strong>fitxer Revit 3D<\/strong> del bloc. A m\u00e9s d&#8217;aquestes eines, rebr\u00e0s informaci\u00f3 extra especialitzada sobre els espais a les teulades de Barcelona, \u200b\u200bdisponible nom\u00e9s per als participants.<\/p>\n<p>Registra&#8217;t ara per comen\u00e7ar a transformar els espais urbans en entorns inspiradors i sostenibles.<\/p>\n","protected":false},"excerpt":{"rendered":"<p>Inscriu-te i accedeix al Concurs d&#8217;Arquitectura Reusing Rooftops Barcelona 2024<\/p>\n","protected":false},"featured_media":1486,"template":"","meta":{"om_disable_all_campaigns":false,"_monsterinsights_skip_tracking":false,"_monsterinsights_sitenote_active":false,"_monsterinsights_sitenote_note":"","_monsterinsights_sitenote_category":0},"product_cat":[49],"product_tag":[53],"aioseo_notices":[],"_links":{"self":[{"href":"https:\/\/reusingrooftops.com\/ca\/wp-json\/wp\/v2\/product\/1522"}],"collection":[{"href":"https:\/\/reusingrooftops.com\/ca\/wp-json\/wp\/v2\/product"}],"about":[{"href":"https:\/\/reusingrooftops.com\/ca\/wp-json\/wp\/v2\/types\/product"}],"wp:featuredmedia":[{"embeddable":true,"href":"https:\/\/reusingrooftops.com\/ca\/wp-json\/wp\/v2\/media\/1486"}],"wp:attachment":[{"href":"https:\/\/reusingrooftops.com\/ca\/wp-json\/wp\/v2\/media?parent=1522"}],"wp:term":[{"taxonomy":"product_cat","embeddable":true,"href":"https:\/\/reusingrooftops.com\/ca\/wp-json\/wp\/v2\/product_cat?post=1522"},{"taxonomy":"product_tag","embeddable":true,"href":"https:\/\/reusingrooftops.com\/ca\/wp-json\/wp\/v2\/product_tag?post=1522"}],"curies":[{"name":"wp","href":"https:\/\/api.w.org\/{rel}","templated":true}]}}