


{"id":1866,"date":"2024-05-08T11:41:44","date_gmt":"2024-05-08T09:41:44","guid":{"rendered":"https:\/\/reusingrooftops.com\/inscriu-te-a-la-ponencia-i-taula-rodona\/"},"modified":"2024-05-08T11:46:07","modified_gmt":"2024-05-08T09:46:07","slug":"inscriu-te-a-la-ponencia-i-taula-rodona","status":"publish","type":"page","link":"https:\/\/reusingrooftops.com\/ca\/inscriu-te-a-la-ponencia-i-taula-rodona\/","title":{"rendered":"Inscriu-te a la pon\u00e8ncia i taula rodona"},"content":{"rendered":"[vc_row type=&#8221;in_container&#8221; full_screen_row_position=&#8221;middle&#8221; column_margin=&#8221;default&#8221; column_direction=&#8221;default&#8221; column_direction_tablet=&#8221;default&#8221; column_direction_phone=&#8221;default&#8221; scene_position=&#8221;center&#8221; top_padding=&#8221;3%&#8221; bottom_margin=&#8221;4%&#8221; text_color=&#8221;dark&#8221; text_align=&#8221;left&#8221; row_border_radius=&#8221;15px&#8221; row_border_radius_applies=&#8221;bg&#8221; overflow=&#8221;visible&#8221; overlay_strength=&#8221;0.3&#8243; gradient_direction=&#8221;left_to_right&#8221; shape_divider_position=&#8221;bottom&#8221; bg_image_animation=&#8221;none&#8221; shape_type=&#8221;&#8221; gradient_type=&#8221;default&#8221;][vc_column top_padding_desktop=&#8221;6%&#8221; constrain_group_100=&#8221;yes&#8221; bottom_padding_desktop=&#8221;6%&#8221; left_padding_desktop=&#8221;0&#8243; constrain_group_101=&#8221;yes&#8221; right_padding_desktop=&#8221;0&#8243; column_element_direction_desktop=&#8221;default&#8221; column_element_spacing=&#8221;default&#8221; centered_text=&#8221;true&#8221; desktop_text_alignment=&#8221;default&#8221; tablet_text_alignment=&#8221;default&#8221; phone_text_alignment=&#8221;default&#8221; background_color_opacity=&#8221;1&#8243; background_hover_color_opacity=&#8221;1&#8243; column_backdrop_filter=&#8221;none&#8221; column_shadow=&#8221;none&#8221; column_border_radius=&#8221;15px&#8221; column_link_target=&#8221;_self&#8221; column_position=&#8221;default&#8221; gradient_direction=&#8221;left_to_right&#8221; overlay_strength=&#8221;0.3&#8243; width=&#8221;1\/2&#8243; tablet_width_inherit=&#8221;default&#8221; animation_type=&#8221;default&#8221; bg_image_animation=&#8221;none&#8221; border_type=&#8221;simple&#8221; column_border_width=&#8221;none&#8221; column_border_style=&#8221;solid&#8221; column_padding_type=&#8221;advanced&#8221; gradient_type=&#8221;default&#8221;][nectar_lottie trigger_type=&#8221;play&#8221; mobile_func=&#8221;default&#8221; loop=&#8221;true&#8221; trigger_offset=&#8221;0.00,100.00&#8243; frame_constraint=&#8221;0.00,100.00&#8243; width_desktop=&#8221;50&#8243; alignment=&#8221;center&#8221; preserve_aspect_ratio=&#8221;xMidYMid meet&#8221; json_url=&#8221;https:\/\/assets1.lottiefiles.com\/packages\/lf20_UyIC2q.json&#8221;][vc_row_inner column_margin=&#8221;default&#8221; column_direction=&#8221;default&#8221; column_direction_tablet=&#8221;default&#8221; column_direction_phone=&#8221;default&#8221; top_padding=&#8221;20&#8243; left_padding_desktop=&#8221;5%&#8221; constrain_group_2=&#8221;yes&#8221; right_padding_desktop=&#8221;5%&#8221; left_padding_phone=&#8221;13%&#8221; constrain_group_6=&#8221;yes&#8221; right_padding_phone=&#8221;13%&#8221; text_align=&#8221;left&#8221; row_position=&#8221;default&#8221; row_position_tablet=&#8221;inherit&#8221; row_position_phone=&#8221;inherit&#8221; overflow=&#8221;visible&#8221; pointer_events=&#8221;all&#8221;][vc_column_inner column_padding=&#8221;no-extra-padding&#8221; column_padding_tablet=&#8221;inherit&#8221; column_padding_phone=&#8221;inherit&#8221; column_padding_position=&#8221;all&#8221; column_element_direction_desktop=&#8221;default&#8221; column_element_spacing=&#8221;default&#8221; desktop_text_alignment=&#8221;default&#8221; tablet_text_alignment=&#8221;default&#8221; phone_text_alignment=&#8221;default&#8221; background_color_opacity=&#8221;1&#8243; background_hover_color_opacity=&#8221;1&#8243; column_backdrop_filter=&#8221;none&#8221; column_shadow=&#8221;none&#8221; column_border_radius=&#8221;none&#8221; column_link_target=&#8221;_self&#8221; overflow=&#8221;visible&#8221; gradient_direction=&#8221;left_to_right&#8221; overlay_strength=&#8221;0.3&#8243; width=&#8221;1\/1&#8243; tablet_width_inherit=&#8221;default&#8221; animation_type=&#8221;default&#8221; bg_image_animation=&#8221;none&#8221; border_type=&#8221;simple&#8221; column_border_width=&#8221;none&#8221; column_border_style=&#8221;solid&#8221;][nectar_responsive_text font_size_min=&#8221;20px&#8221; font_size_max=&#8221;60px&#8221; font_size_desktop=&#8221;3vw&#8221; font_line_height=&#8221;1.3&#8243; text_direction=&#8221;default&#8221;]\n<h3>Inscriu-te a la pon\u00e8ncia i taula rodona<\/h3>\n[\/nectar_responsive_text][\/vc_column_inner][\/vc_row_inner][vc_row_inner column_margin=&#8221;default&#8221; column_direction=&#8221;default&#8221; column_direction_tablet=&#8221;default&#8221; column_direction_phone=&#8221;default&#8221; left_padding_desktop=&#8221;10%&#8221; constrain_group_2=&#8221;yes&#8221; right_padding_desktop=&#8221;10%&#8221; left_padding_tablet=&#8221;0&#8243; constrain_group_4=&#8221;yes&#8221; right_padding_tablet=&#8221;0&#8243; left_padding_phone=&#8221;0&#8243; constrain_group_6=&#8221;yes&#8221; right_padding_phone=&#8221;0&#8243; text_align=&#8221;left&#8221; row_position=&#8221;default&#8221; row_position_tablet=&#8221;inherit&#8221; row_position_phone=&#8221;inherit&#8221; overflow=&#8221;visible&#8221; pointer_events=&#8221;all&#8221;][vc_column_inner column_padding=&#8221;no-extra-padding&#8221; column_padding_tablet=&#8221;inherit&#8221; column_padding_phone=&#8221;inherit&#8221; column_padding_position=&#8221;all&#8221; column_element_direction_desktop=&#8221;default&#8221; column_element_spacing=&#8221;default&#8221; desktop_text_alignment=&#8221;default&#8221; tablet_text_alignment=&#8221;default&#8221; phone_text_alignment=&#8221;default&#8221; background_color_opacity=&#8221;1&#8243; background_hover_color_opacity=&#8221;1&#8243; column_backdrop_filter=&#8221;none&#8221; column_shadow=&#8221;none&#8221; column_border_radius=&#8221;none&#8221; column_link_target=&#8221;_self&#8221; overflow=&#8221;visible&#8221; gradient_direction=&#8221;left_to_right&#8221; overlay_strength=&#8221;0.3&#8243; width=&#8221;1\/1&#8243; tablet_width_inherit=&#8221;default&#8221; animation_type=&#8221;default&#8221; bg_image_animation=&#8221;none&#8221; border_type=&#8221;simple&#8221; column_border_width=&#8221;none&#8221; column_border_style=&#8221;solid&#8221;]<div class=\"wpforms-container wpforms-container-full wpforms-render-modern\" id=\"wpforms-986\"><form id=\"wpforms-form-986\" class=\"wpforms-validate wpforms-form wpforms-ajax-form\" data-formid=\"986\" method=\"post\" enctype=\"multipart\/form-data\" action=\"\/ca\/wp-json\/wp\/v2\/pages\/1866\" data-token=\"0e8df16caf5ef77aa16ee6e3e492946c\" data-token-time=\"1776414590\"><noscript class=\"wpforms-error-noscript\">Activeu el JavaScript al navegador per a poder completar el formulari.<\/noscript><div class=\"wpforms-hidden\" id=\"wpforms-error-noscript\">Activeu el JavaScript al navegador per a poder completar el formulari.<\/div><div class=\"wpforms-field-container\"><div id=\"wpforms-986-field_1-container\" class=\"wpforms-field wpforms-field-name\" data-field-id=\"1\"><fieldset><legend class=\"wpforms-field-label\">Nom <span class=\"wpforms-required-label\" aria-hidden=\"true\">*<\/span><\/legend><div class=\"wpforms-field-row wpforms-field-large\"><div class=\"wpforms-field-row-block wpforms-first wpforms-one-half\"><input type=\"text\" id=\"wpforms-986-field_1\" class=\"wpforms-field-name-first wpforms-field-required\" name=\"wpforms[fields][1][first]\" aria-errormessage=\"wpforms-986-field_1-error\" required><label for=\"wpforms-986-field_1\" class=\"wpforms-field-sublabel after \">Nom<\/label><\/div><div class=\"wpforms-field-row-block wpforms-one-half\"><input type=\"text\" id=\"wpforms-986-field_1-last\" class=\"wpforms-field-name-last wpforms-field-required\" name=\"wpforms[fields][1][last]\" aria-errormessage=\"wpforms-986-field_1-last-error\" required><label for=\"wpforms-986-field_1-last\" class=\"wpforms-field-sublabel after \">Cognoms<\/label><\/div><\/div><\/fieldset><\/div><div id=\"wpforms-986-field_2-container\" class=\"wpforms-field wpforms-field-email\" data-field-id=\"2\"><label class=\"wpforms-field-label\" for=\"wpforms-986-field_2\">Correu electr\u00f2nic <span class=\"wpforms-required-label\" aria-hidden=\"true\">*<\/span><\/label><input type=\"email\" id=\"wpforms-986-field_2\" class=\"wpforms-field-large wpforms-field-required\" name=\"wpforms[fields][2]\" spellcheck=\"false\" aria-errormessage=\"wpforms-986-field_2-error\" required><\/div><div id=\"wpforms-986-field_3-container\" class=\"wpforms-field wpforms-field-select wpforms-field-select-style-classic\" data-field-id=\"3\"><label class=\"wpforms-field-label\" for=\"wpforms-986-field_3\">Quantes persones assistiran?<\/label><select id=\"wpforms-986-field_3\" class=\"wpforms-field-large\" name=\"wpforms[fields][3]\"><option value=\"1\" >1<\/option><option value=\"2\" >2<\/option><option value=\"3\" >3<\/option><option value=\"4\" >4<\/option><option value=\"5\" >5<\/option><option value=\"6\" >6<\/option><option value=\"7\" >7<\/option><option value=\"8\" >8<\/option><option value=\"9\" >9<\/option><option value=\"10\" >10<\/option><option value=\"+10\" >+10<\/option><\/select><\/div><\/div><!-- .wpforms-field-container --><div class=\"wpforms-submit-container\" ><input type=\"hidden\" name=\"wpforms[id]\" value=\"986\"><input type=\"hidden\" name=\"page_title\" value=\"\"><input type=\"hidden\" name=\"page_url\" value=\"https:\/\/reusingrooftops.com\/ca\/wp-json\/wp\/v2\/pages\/1866\"><button type=\"submit\" name=\"wpforms[submit]\" id=\"wpforms-submit-986\" class=\"wpforms-submit\" data-alt-text=\"S&#039;est\u00e0 enviant...\" data-submit-text=\"Enviar\" aria-live=\"assertive\" value=\"wpforms-submit\">Enviar<\/button><img loading=\"lazy\" decoding=\"async\" src=\"https:\/\/reusingrooftops.com\/wp-content\/plugins\/wpforms\/assets\/images\/submit-spin.svg\" class=\"wpforms-submit-spinner\" style=\"display: none;\" width=\"26\" height=\"26\" alt=\"S&#039;est\u00e0 carregant\"><\/div><\/form><\/div>  <!-- .wpforms-container -->[\/vc_column_inner][\/vc_row_inner][\/vc_column][vc_column column_padding=&#8221;no-extra-padding&#8221; column_padding_tablet=&#8221;inherit&#8221; column_padding_phone=&#8221;inherit&#8221; column_padding_position=&#8221;all&#8221; column_element_direction_desktop=&#8221;default&#8221; column_element_spacing=&#8221;default&#8221; desktop_text_alignment=&#8221;default&#8221; tablet_text_alignment=&#8221;default&#8221; phone_text_alignment=&#8221;default&#8221; background_color_opacity=&#8221;1&#8243; background_hover_color_opacity=&#8221;1&#8243; column_backdrop_filter=&#8221;none&#8221; column_shadow=&#8221;none&#8221; column_border_radius=&#8221;none&#8221; column_link_target=&#8221;_self&#8221; column_position=&#8221;default&#8221; gradient_direction=&#8221;left_to_right&#8221; overlay_strength=&#8221;0.3&#8243; width=&#8221;1\/2&#8243; tablet_width_inherit=&#8221;default&#8221; animation_type=&#8221;default&#8221; bg_image_animation=&#8221;none&#8221; border_type=&#8221;simple&#8221; column_border_width=&#8221;none&#8221; column_border_style=&#8221;solid&#8221;][vc_row_inner column_margin=&#8221;none&#8221; column_direction=&#8221;default&#8221; column_direction_tablet=&#8221;default&#8221; column_direction_phone=&#8221;default&#8221; left_padding_desktop=&#8221;5%&#8221; right_padding_desktop=&#8221;10%&#8221; right_padding_tablet=&#8221;5%&#8221; right_padding_phone=&#8221;3%&#8221; text_align=&#8221;left&#8221; row_position=&#8221;default&#8221; row_position_tablet=&#8221;inherit&#8221; row_position_phone=&#8221;inherit&#8221; overflow=&#8221;visible&#8221; pointer_events=&#8221;all&#8221;][vc_column_inner column_padding=&#8221;no-extra-padding&#8221; column_padding_tablet=&#8221;inherit&#8221; column_padding_phone=&#8221;inherit&#8221; column_padding_position=&#8221;all&#8221; column_element_direction_desktop=&#8221;default&#8221; column_element_spacing=&#8221;0px&#8221; desktop_text_alignment=&#8221;default&#8221; tablet_text_alignment=&#8221;default&#8221; phone_text_alignment=&#8221;default&#8221; background_color_opacity=&#8221;1&#8243; background_hover_color_opacity=&#8221;1&#8243; column_backdrop_filter=&#8221;none&#8221; column_shadow=&#8221;none&#8221; column_border_radius=&#8221;none&#8221; column_link_target=&#8221;_self&#8221; overflow=&#8221;visible&#8221; advanced_gradient_angle=&#8221;0&#8243; gradient_direction=&#8221;left_to_right&#8221; overlay_strength=&#8221;0.3&#8243; width=&#8221;1\/1&#8243; tablet_width_inherit=&#8221;default&#8221; animation_type=&#8221;default&#8221; bg_image_animation=&#8221;none&#8221; border_type=&#8221;simple&#8221; column_border_width=&#8221;none&#8221; column_border_style=&#8221;solid&#8221; gradient_type=&#8221;default&#8221; column_padding_type=&#8221;default&#8221;][nectar_responsive_text font_size_min=&#8221;16px&#8221; font_size_max=&#8221;20px&#8221; font_size_desktop=&#8221;1.1vw&#8221; font_line_height=&#8221;1.6&#8243; text_direction=&#8221;default&#8221;]En el marc de les Setmanes de l&#8217;Arquitectura de Barcelona 2024, la iniciativa Reusing Rooftops dur\u00e0 a terme una confer\u00e8ncia i una taula rodona a c\u00e0rrec d&#8217;experts destacats en la mat\u00e8ria. Esteu tots convidats a assistir-hi.[\/nectar_responsive_text][divider line_type=&#8221;No Line&#8221; custom_height=&#8221;20&#8243;][nectar_badge display_tag=&#8221;label&#8221; badge_style=&#8221;line&#8221; text_color=&#8221;#66b5ff&#8221; line_width=&#8221;15&#8243; text=&#8221;Ubicaci\u00f3&#8221; margin_left=&#8221;-25px&#8221; margin_bottom=&#8221;10&#8243;][nectar_responsive_text font_size_max=&#8221;50px&#8221; font_size_desktop=&#8221;1vw&#8221; font_line_height=&#8221;1.2&#8243; font_size_phone=&#8221;6vw&#8221; font_size_tablet=&#8221;4vw&#8221; text_direction=&#8221;default&#8221;]\n<h1>Palau Vict\u00f2ria Eug\u00e8nia, Barcelona<\/h1>\n[\/nectar_responsive_text][divider line_type=&#8221;No Line&#8221; custom_height=&#8221;20&#8243;][nectar_badge display_tag=&#8221;label&#8221; badge_style=&#8221;line&#8221; text_color=&#8221;#66b5ff&#8221; line_width=&#8221;15&#8243; text=&#8221;Data i hora&#8221; margin_left=&#8221;-25px&#8221; margin_bottom=&#8221;10&#8243;][nectar_responsive_text font_size_max=&#8221;50px&#8221; font_size_desktop=&#8221;1vw&#8221; font_line_height=&#8221;1.2&#8243; font_size_phone=&#8221;6vw&#8221; font_size_tablet=&#8221;4vw&#8221; text_direction=&#8221;default&#8221;]\n<h1>3 de juny, 19:00 h<\/h1>\n[\/nectar_responsive_text][divider line_type=&#8221;No Line&#8221; custom_height=&#8221;20&#8243;][nectar_badge display_tag=&#8221;label&#8221; badge_style=&#8221;line&#8221; text_color=&#8221;#66b5ff&#8221; line_width=&#8221;15&#8243; text=&#8221;Pon\u00e8ncies&#8221; margin_left=&#8221;-25px&#8221; margin_bottom=&#8221;10&#8243;][nectar_responsive_text font_size_max=&#8221;50px&#8221; font_size_desktop=&#8221;1vw&#8221; font_line_height=&#8221;1.2&#8243; font_size_phone=&#8221;6vw&#8221; font_size_tablet=&#8221;4vw&#8221; text_direction=&#8221;default&#8221;]\n<h1>Agust\u00edn P\u00e9rez-Torres<\/h1>\n[\/nectar_responsive_text][nectar_responsive_text font_size_min=&#8221;16px&#8221; font_size_max=&#8221;20px&#8221; font_size_desktop=&#8221;1.1vw&#8221; font_line_height=&#8221;1.6&#8243; text_direction=&#8221;default&#8221;]Soci de Bjarke Ingels Group (BIG)[\/nectar_responsive_text][divider line_type=&#8221;No Line&#8221; custom_height=&#8221;20&#8243;][nectar_responsive_text font_size_max=&#8221;50px&#8221; font_size_desktop=&#8221;1vw&#8221; font_line_height=&#8221;1.2&#8243; font_size_phone=&#8221;6vw&#8221; font_size_tablet=&#8221;4vw&#8221; text_direction=&#8221;default&#8221;]\n<h1>Joan Batlle<\/h1>\n[\/nectar_responsive_text][nectar_responsive_text font_size_min=&#8221;16px&#8221; font_size_max=&#8221;20px&#8221; font_size_desktop=&#8221;1.1vw&#8221; font_line_height=&#8221;1.6&#8243; text_direction=&#8221;default&#8221;]Soci de Batlleiroig[\/nectar_responsive_text][divider line_type=&#8221;No Line&#8221; custom_height=&#8221;20&#8243;][nectar_badge display_tag=&#8221;label&#8221; badge_style=&#8221;line&#8221; text_color=&#8221;#66b5ff&#8221; line_width=&#8221;15&#8243; text=&#8221;S&#039;unir\u00e0n a la Taula Rodona&#8221; margin_left=&#8221;-25px&#8221; margin_bottom=&#8221;10&#8243;][nectar_responsive_text font_size_max=&#8221;50px&#8221; font_size_desktop=&#8221;1vw&#8221; font_line_height=&#8221;1.2&#8243; font_size_phone=&#8221;6vw&#8221; font_size_tablet=&#8221;4vw&#8221; text_direction=&#8221;default&#8221;]\n<h1>Ra\u00fal \u00c1lvarez<\/h1>\n[\/nectar_responsive_text][nectar_responsive_text font_size_min=&#8221;16px&#8221; font_size_max=&#8221;20px&#8221; font_size_desktop=&#8221;1.1vw&#8221; font_line_height=&#8221;1.6&#8243; text_direction=&#8221;default&#8221;]Director t\u00e8cnic de SOPREMA Ib\u00e8rica[\/nectar_responsive_text][divider line_type=&#8221;No Line&#8221; custom_height=&#8221;20&#8243;][nectar_responsive_text font_size_max=&#8221;50px&#8221; font_size_desktop=&#8221;1vw&#8221; font_line_height=&#8221;1.2&#8243; font_size_phone=&#8221;6vw&#8221; font_size_tablet=&#8221;4vw&#8221; text_direction=&#8221;default&#8221;]\n<h1>J\u00falia G\u00f3mez<\/h1>\n[\/nectar_responsive_text][nectar_responsive_text font_size_min=&#8221;16px&#8221; font_size_max=&#8221;20px&#8221; font_size_desktop=&#8221;1.1vw&#8221; font_line_height=&#8221;1.6&#8243; text_direction=&#8221;default&#8221;]Gestora d&#8217;especificacions a Sika[\/nectar_responsive_text][divider line_type=&#8221;No Line&#8221; custom_height=&#8221;20&#8243;][nectar_responsive_text font_size_max=&#8221;50px&#8221; font_size_desktop=&#8221;1vw&#8221; font_line_height=&#8221;1.2&#8243; font_size_phone=&#8221;6vw&#8221; font_size_tablet=&#8221;4vw&#8221; text_direction=&#8221;default&#8221;]\n<h1>Elisabeth Contreras<\/h1>\n[\/nectar_responsive_text][nectar_responsive_text font_size_min=&#8221;16px&#8221; font_size_max=&#8221;20px&#8221; font_size_desktop=&#8221;1.1vw&#8221; font_line_height=&#8221;1.6&#8243; text_direction=&#8221;default&#8221;]Vicepresidenta de l&#8217;Associaci\u00f3 Espanyola de Cobertes Verdes[\/nectar_responsive_text][divider line_type=&#8221;No Line&#8221; custom_height=&#8221;20&#8243;][nectar_responsive_text font_size_max=&#8221;50px&#8221; font_size_desktop=&#8221;1vw&#8221; font_line_height=&#8221;1.2&#8243; font_size_phone=&#8221;6vw&#8221; font_size_tablet=&#8221;4vw&#8221; text_direction=&#8221;default&#8221;]\n<h1>Montserrat Prado<\/h1>\n[\/nectar_responsive_text][nectar_responsive_text font_size_min=&#8221;16px&#8221; font_size_max=&#8221;20px&#8221; font_size_desktop=&#8221;1.1vw&#8221; font_line_height=&#8221;1.6&#8243; text_direction=&#8221;default&#8221;]Directora t\u00e8cnica de l&#8217;Institut del Paisatge Urb\u00e0 i la Qualitat de Vida[\/nectar_responsive_text][divider line_type=&#8221;No Line&#8221; custom_height=&#8221;0&#8243; custom_height_tablet=&#8221;10&#8243; custom_height_phone=&#8221;20&#8243;][\/vc_column_inner][\/vc_row_inner][\/vc_column][\/vc_row]\n","protected":false},"excerpt":{"rendered":"<p>[vc_row type=&#8221;in_container&#8221; full_screen_row_position=&#8221;middle&#8221; column_margin=&#8221;default&#8221; column_direction=&#8221;default&#8221; column_direction_tablet=&#8221;default&#8221; column_direction_phone=&#8221;default&#8221; scene_position=&#8221;center&#8221; top_padding=&#8221;3%&#8221; bottom_margin=&#8221;4%&#8221; text_color=&#8221;dark&#8221; text_align=&#8221;left&#8221; row_border_radius=&#8221;15px&#8221; row_border_radius_applies=&#8221;bg&#8221; overflow=&#8221;visible&#8221; overlay_strength=&#8221;0.3&#8243; gradient_direction=&#8221;left_to_right&#8221; shape_divider_position=&#8221;bottom&#8221; bg_image_animation=&#8221;none&#8221; shape_type=&#8221;&#8221; gradient_type=&#8221;default&#8221;][vc_column top_padding_desktop=&#8221;6%&#8221; constrain_group_100=&#8221;yes&#8221; bottom_padding_desktop=&#8221;6%&#8221; left_padding_desktop=&#8221;0&#8243; constrain_group_101=&#8221;yes&#8221; right_padding_desktop=&#8221;0&#8243; column_element_direction_desktop=&#8221;default&#8221; column_element_spacing=&#8221;default&#8221; centered_text=&#8221;true&#8221;&#8230;<\/p>\n","protected":false},"author":1,"featured_media":0,"parent":0,"menu_order":0,"comment_status":"closed","ping_status":"closed","template":"","meta":{"om_disable_all_campaigns":false,"_monsterinsights_skip_tracking":false,"_monsterinsights_sitenote_active":false,"_monsterinsights_sitenote_note":"","_monsterinsights_sitenote_category":0,"footnotes":""},"aioseo_notices":[],"_links":{"self":[{"href":"https:\/\/reusingrooftops.com\/ca\/wp-json\/wp\/v2\/pages\/1866"}],"collection":[{"href":"https:\/\/reusingrooftops.com\/ca\/wp-json\/wp\/v2\/pages"}],"about":[{"href":"https:\/\/reusingrooftops.com\/ca\/wp-json\/wp\/v2\/types\/page"}],"author":[{"embeddable":true,"href":"https:\/\/reusingrooftops.com\/ca\/wp-json\/wp\/v2\/users\/1"}],"replies":[{"embeddable":true,"href":"https:\/\/reusingrooftops.com\/ca\/wp-json\/wp\/v2\/comments?post=1866"}],"version-history":[{"count":2,"href":"https:\/\/reusingrooftops.com\/ca\/wp-json\/wp\/v2\/pages\/1866\/revisions"}],"predecessor-version":[{"id":1868,"href":"https:\/\/reusingrooftops.com\/ca\/wp-json\/wp\/v2\/pages\/1866\/revisions\/1868"}],"wp:attachment":[{"href":"https:\/\/reusingrooftops.com\/ca\/wp-json\/wp\/v2\/media?parent=1866"}],"curies":[{"name":"wp","href":"https:\/\/api.w.org\/{rel}","templated":true}]}}