


{"id":1272,"date":"2024-04-10T15:53:52","date_gmt":"2024-04-10T13:53:52","guid":{"rendered":"https:\/\/reusingrooftops.com\/termes-condicions-i-politica-de-privadesa\/"},"modified":"2024-04-19T12:16:55","modified_gmt":"2024-04-19T10:16:55","slug":"termes","status":"publish","type":"page","link":"https:\/\/reusingrooftops.com\/ca\/termes\/","title":{"rendered":"Termes, condicions i pol\u00edtica de privacitat"},"content":{"rendered":"[vc_row type=&#8221;in_container&#8221; full_screen_row_position=&#8221;middle&#8221; column_margin=&#8221;default&#8221; column_direction=&#8221;default&#8221; column_direction_tablet=&#8221;default&#8221; column_direction_phone=&#8221;default&#8221; scene_position=&#8221;center&#8221; text_color=&#8221;dark&#8221; text_align=&#8221;left&#8221; row_border_radius=&#8221;none&#8221; row_border_radius_applies=&#8221;bg&#8221; overflow=&#8221;visible&#8221; overlay_strength=&#8221;0.3&#8243; gradient_direction=&#8221;left_to_right&#8221; shape_divider_position=&#8221;bottom&#8221; bg_image_animation=&#8221;none&#8221;][vc_column column_padding=&#8221;no-extra-padding&#8221; column_padding_tablet=&#8221;inherit&#8221; column_padding_phone=&#8221;inherit&#8221; column_padding_position=&#8221;all&#8221; column_element_direction_desktop=&#8221;default&#8221; column_element_spacing=&#8221;default&#8221; desktop_text_alignment=&#8221;default&#8221; tablet_text_alignment=&#8221;default&#8221; phone_text_alignment=&#8221;default&#8221; background_color_opacity=&#8221;1&#8243; background_hover_color_opacity=&#8221;1&#8243; column_backdrop_filter=&#8221;none&#8221; column_shadow=&#8221;none&#8221; column_border_radius=&#8221;none&#8221; column_link_target=&#8221;_self&#8221; column_position=&#8221;default&#8221; gradient_direction=&#8221;left_to_right&#8221; overlay_strength=&#8221;0.3&#8243; width=&#8221;1\/1&#8243; tablet_width_inherit=&#8221;default&#8221; animation_type=&#8221;default&#8221; bg_image_animation=&#8221;none&#8221; border_type=&#8221;simple&#8221; column_border_width=&#8221;none&#8221; column_border_style=&#8221;solid&#8221;][vc_column_text text_direction=&#8221;default&#8221;]\n<h3><strong>TERMES, CONDICIONS I POL\u00cdTICA DE PRIVACITAT<\/strong><\/h3>\n<p>En registrar-te al nostre lloc web i participar en els nostres concursos, acceptes aquests Termes i Condicions. Si us plau, llegeix-los amb atenci\u00f3:<\/p>\n<p>\u00daLTIMA ACTUALITZACI\u00d3: Abril de 2024<\/p>\n<p>&nbsp;<\/p>\n<ol>\n<li><strong> DEFINICIONS<\/strong><\/li>\n<\/ol>\n<p>&#8220;Usuari&#8221; es refereix a qualsevol persona que utilitza el nostre lloc web, s&#8217;hi registra o participa en els nostres concursos.<\/p>\n<p>&#8220;Projecte&#8221; es refereix a qualsevol treball, material o document presentat per un usuari en els nostres concursos a trav\u00e9s del nostre lloc web.<\/p>\n<p>&nbsp;<\/p>\n<ol start=\"2\">\n<li><strong> \u00daS DEL LLOC WEB<\/strong><\/li>\n<\/ol>\n<p>Els usuaris han de tenir almenys 18 anys per utilitzar el nostre lloc web, registrar-s&#8217;hi i participar en els nostres concursos. En utilitzar el nostre lloc web, garanteixes que compleixes amb aquest requisit.<\/p>\n<p>Reusing Rooftops es reserva el dret de modificar o retirar temporalment o permanentment la informaci\u00f3 continguda en aquest lloc web (o qualsevol part d&#8217;aquest) amb o sense av\u00eds previ.<\/p>\n<p>&nbsp;<\/p>\n<ol start=\"3\">\n<li><strong> POL\u00cdTICA DE PRIVACITAT I PROTECCI\u00d3 DE DADES<\/strong><\/li>\n<\/ol>\n<p>Reusing Rooftops recollir\u00e0, processar\u00e0 i protegir\u00e0 les dades personals recollides a trav\u00e9s d&#8217;aquest lloc web d&#8217;acord amb el Reglament General de Protecci\u00f3 de Dades de la UE i la legislaci\u00f3 espanyola de protecci\u00f3 de dades vigent.<\/p>\n<p>En registrar-te al nostre lloc web o participar en els nostres concursos, consentes el tractament de les teves dades personals de la manera i per als fins indicats a continuaci\u00f3.<\/p>\n<p>3.1. QUINES DADES PERSONALS RECOLLIM<\/p>\n<p>Nom\u00e9s recollim les dades personals que ens proporcionis en registrar-te al nostre lloc web i participar en els nostres concursos. Aquestes dades inclouen el teu nom, edat, nacionalitat, pa\u00eds de resid\u00e8ncia, adre\u00e7a de correu electr\u00f2nic i, si escau, la universitat on estudies.<\/p>\n<p>3.2. COM UTILITZEM LES TEVES DADES PERSONALS<\/p>\n<p>Utilitzem les teves dades personals exclusivament per gestionar els nostres concursos, comunicar-nos amb tu i millorar el nostre lloc web.<\/p>\n<p>L&#8217;enviament d&#8217;informaci\u00f3 sobre propers concursos o altra informaci\u00f3 comercial requereix consentiment expr\u00e9s, que pot ser revocat en qualsevol moment.<\/p>\n<p>3.3. COM PROTEGIM LES TEVES DADES PERSONALS<\/p>\n<p>Implementem mesures de seguretat per protegir les teves dades personals contra l&#8217;acc\u00e9s o la modificaci\u00f3 no autoritzats, la divulgaci\u00f3 o destrucci\u00f3.<\/p>\n<p>Les dades personals recollides no seran comunicades a tercers. Aquestes dades seran accessibles nom\u00e9s per l&#8217;equip de Reusing Rooftops i els experts involucrats en els concursos. Nom\u00e9s es podran comunicar dades necess\u00e0ries i essencials a prove\u00efdors de serveis que no estaran autoritzats a fer cap \u00fas diferent d&#8217;aquestes dades. Aquestes dades tamb\u00e9 poden ser compartides amb mitjans de comunicaci\u00f3 i a trav\u00e9s de xarxes socials amb l&#8217;\u00fanic prop\u00f2sit de publicar i difondre els resultats d&#8217;un concurs. Tamb\u00e9 poden ser comunicades en el context d&#8217;una investigaci\u00f3 judicial o quan ho requereixi una disposici\u00f3 legal.<\/p>\n<p>3.4. ELS TEUS DRETS<\/p>\n<p>Tens dret a accedir a les teves dades personals, rectificar-les, sol\u00b7licitar la seva eliminaci\u00f3, oposar-te al seu tractament i sol\u00b7licitar la limitaci\u00f3 del seu tractament. Pots exercir aquests drets a trav\u00e9s del seg\u00fcent correu electr\u00f2nic: info@reusingrooftops.com<\/p>\n<p>3.5. RESPONSABLE DEL TRACTAMENT DE LES DADES<\/p>\n<p>Archstorming S.L. CIF: B-55289433 C\/ Tom\u00e1s Boada 19, 17240 Llagostera, Girona (Espanya).<\/p>\n<p>&nbsp;<\/p>\n<ol start=\"4\">\n<li><strong> POL\u00cdTICA DE COOKIES<\/strong><\/li>\n<\/ol>\n<p>4.1. QU\u00c8 S\u00d3N LES COOKIES?<\/p>\n<p>Les cookies s\u00f3n petits fitxers de text que s&#8217;emmagatzemen al teu dispositiu quan visites el nostre lloc web i s&#8217;utilitzen per registrar les activitats de l&#8217;usuari durant el seu temps de navegaci\u00f3. S\u00f3n an\u00f2nimes i no poden proporcionar dades personals per si soles.<\/p>\n<p>4.2. COM UTILITZEM LES COOKIES?<\/p>\n<p>Utilitzem cookies per recordar les teves prefer\u00e8ncies, entendre com utilitzes el nostre lloc web, personalitzar continguts i publicitat i, en general, millorar l&#8217;experi\u00e8ncia de l&#8217;usuari al nostre lloc web.<\/p>\n<p>4.3. COM GESTIONAR LES COOKIES<\/p>\n<p>En entrar al nostre lloc web, podr\u00e0s acceptar o rebutjar l&#8217;\u00fas de cookies. Tamb\u00e9 pots gestionar les cookies a trav\u00e9s de la configuraci\u00f3 del teu navegador. No obstant aix\u00f2, si desactives les cookies, algunes parts del nostre lloc web podrien no funcionar correctament.<\/p>\n<p>&nbsp;<\/p>\n<ol start=\"5\">\n<li><strong> CONTINGUT DE TERCERS<\/strong><\/li>\n<\/ol>\n<p>El nostre lloc web pot contenir enlla\u00e7os a llocs web de tercers. Reusing Rooftops no \u00e9s responsable del contingut i les pol\u00edtiques de protecci\u00f3 de dades d&#8217;aquests llocs web de tercers.<\/p>\n<p>Aix\u00ed mateix, tota la informaci\u00f3 i comentaris pujats pels usuaris a trav\u00e9s de qualsevol canal de participaci\u00f3 habilitat al lloc web es consideren concedits a Reusing Rooftops. Els usuaris s\u00f3n responsables de la legalitat i adequaci\u00f3 del contingut que comparteixen a trav\u00e9s d&#8217;aquests canals de participaci\u00f3. Reusing Rooftops no ser\u00e0 responsable d&#8217;aquest contingut pujat pels usuaris i es reserva el dret de publicar-lo o retirar-lo.<\/p>\n<p>&nbsp;<\/p>\n<ol start=\"6\">\n<li><strong> INFORMACI\u00d3 LEGAL<\/strong><\/li>\n<\/ol>\n<p>El propietari d&#8217;aquest lloc web \u00e9s Archstorming S.L. amb n\u00famero d&#8217;identificaci\u00f3 fiscal: B-55289433, domicili registrat a C\/ Tom\u00e1s Boada 19, Llagostera, Girona (Espanya) i registrat al registre comercial de Girona (Espanya).<\/p>\n<p>Archstorming S.L. reserva tots els drets sobre el domini www.reusingrooftops.com, incloent el seu nom, disseny, codis font, estructura de navegaci\u00f3 i bases de dades, entre altres, aix\u00ed com sobre la marca &#8220;Reusing Rooftops&#8221; i el seu logo, que estan legalment protegits. L&#8217;\u00fas no autoritzat per tercers portar\u00e0 a responsabilitat i la corresponent compensaci\u00f3 per danys segons la legislaci\u00f3 vigent.<\/p>\n<p>En tots els assumptes que afectin el tr\u00e0fic legal o que impliquin relacions legals amb tercers o obligacions legals, totes les refer\u00e8ncies a &#8220;Reusing Rooftops&#8221; contingudes en aquests Termes i Condicions s&#8217;entendran fetes al propietari de la marca Archstorming S.L., que \u00e9s l&#8217;\u00fanic subjecte que t\u00e9 capacitat legal per contraure obligacions i reclamar els seus drets.<\/p>\n<p>&nbsp;<\/p>\n<ol start=\"7\">\n<li><strong> MODIFICACI\u00d3 DELS TERMES I CONDICIONS<\/strong><\/li>\n<\/ol>\n<p>Reusing Rooftops es reserva el dret de modificar aquests Termes i Condicions en qualsevol moment. Les modificacions entraran en vigor despr\u00e9s de la seva publicaci\u00f3 en aquest lloc web i vincularan directament a l&#8217;usuari, qui t\u00e9 l&#8217;obligaci\u00f3 de revisar-les peri\u00f2dicament. La data de l&#8217;\u00faltima modificaci\u00f3 d&#8217;aquests Termes i Condicions sempre ser\u00e0 indicada a la part superior.<\/p>\n<p>&nbsp;<\/p>\n<ol start=\"8\">\n<li><strong> LLEI APLICABLE I JURISDICCI\u00d3<\/strong><\/li>\n<\/ol>\n<p>Aquests Termes i Condicions es regeixen per la llei espanyola. Qualsevol disputa que sorgeixi en relaci\u00f3 amb aquests Termes i Condicions ser\u00e0 resolta als tribunals d&#8217;Espanya.<\/p>\n<p>&nbsp;<\/p>\n<h3><strong>NORMES DE PARTICIPACI\u00d3 AL CONCURS <\/strong><\/h3>\n<p>\u00daLTIMA ACTUALITZACI\u00d3: Abril de 2024<\/p>\n<p>&nbsp;<\/p>\n<ol>\n<li><strong> ELEGIBILITAT I REGISTRE<\/strong><\/li>\n<\/ol>\n<p>Els concursos estan oberts a qualsevol individu major de 18 anys, independentment de la seva nacionalitat o disciplina.<\/p>\n<p>Per participar en un concurs, has de registrar-te a trav\u00e9s del nostre lloc web, pagar el preu establert i acceptar els Termes i Condicions.<\/p>\n<p>El registre es realitza en equips, que poden estar compostos per un a quatre participants. Cada equip registrat pot presentar un sol projecte. Si un equip desitja presentar m\u00e9s d&#8217;un projecte, haur\u00e0 de formalitzar tantes inscripcions com projectes desitgi presentar en el concurs, pagant el preu corresponent per cada inscripci\u00f3.<\/p>\n<p>&nbsp;<\/p>\n<ol start=\"2\">\n<li><strong> PREU I PREMIS<\/strong><\/li>\n<\/ol>\n<p>El preu d&#8217;inscripci\u00f3 \u00e9s per equip (no per persona) i varia depenent del per\u00edode d&#8217;inscripci\u00f3. Hi ha dos per\u00edodes d&#8217;inscripci\u00f3; el preu per a cada per\u00edode est\u00e0 indicat al lloc web i al briefing. El preu no inclou l&#8217;IVA.<\/p>\n<p>Per participar en els nostres concursos, has de registrar-te a trav\u00e9s del nostre lloc web i pagar el preu establert. Una vegada realitzats correctament el registre i el pagament i concedit l&#8217;acc\u00e9s als materials del concurs, no s&#8217;acceptaran cancel\u00b7lacions ni reemborsaments.<\/p>\n<p>Les retencions fiscals aplicables seran aplicades als premis anunciats segons la llei fiscal espanyola vigent.<\/p>\n<p>&nbsp;<\/p>\n<ol start=\"3\">\n<li><strong> INFORMACI\u00d3 I MATERIALS ADDICIONALS<\/strong><\/li>\n<\/ol>\n<p>Tota la informaci\u00f3 rellevant per a cada concurs, incloent el seu tema i requisits, el jurat seleccionat, la data l\u00edmit establerta, les instruccions d&#8217;enviament del projecte o els premis atorgats, entre altres aspectes, s&#8217;establir\u00e0 en el briefing de cada concurs i en la secci\u00f3 corresponent del lloc web.<\/p>\n<p>A m\u00e9s, els concursos poden estar acompanyats de material addicional, documentaci\u00f3 i informaci\u00f3 proporcionada als participants despr\u00e9s del seu registre i pagament del preu corresponent.<\/p>\n<p>&nbsp;<\/p>\n<ol start=\"4\">\n<li><strong> SELECCI\u00d3 DELS GUANYADORS<\/strong><\/li>\n<\/ol>\n<p>Els projectes presentats que no compleixin amb els requisits d&#8217;elegibilitat, amb els Termes i Condicions o amb aquestes Normes de Participaci\u00f3 en el Concurs seran desqualificats.<\/p>\n<p>Posteriorment, els experts de Reusing Rooftops seleccionaran aquells projectes que millor compleixin amb els criteris d&#8217;avaluaci\u00f3 publicats. Aquests projectes seleccionats per Reusing Rooftops seran presentats al jurat, que els avaluar\u00e0 seguint els criteris d&#8217;avaluaci\u00f3 publicats. Els membres del jurat podran tenir acc\u00e9s, si ho sol\u00b7liciten, a tots els projectes presentats.<\/p>\n<p>Els guanyadors seran escollits pel jurat a trav\u00e9s de vots individuals dels membres i despr\u00e9s d&#8217;una reuni\u00f3 i discussi\u00f3 conjunta.<\/p>\n<p>&nbsp;<\/p>\n<ol start=\"5\">\n<li><strong> PROPIETAT INTEL\u00b7LECTUAL<\/strong><\/li>\n<\/ol>\n<p>Els usuaris garanteixen que s\u00f3n els autors intel\u00b7lectuals dels projectes presentats i que no estan infringint cap dret de propietat intel\u00b7lectual amb la seva presentaci\u00f3 al concurs.<\/p>\n<p>Els usuaris conservaran els drets d&#8217;autor dels seus projectes. No obstant aix\u00f2, en participar en un concurs i presentar un projecte, atorguen a Reusing Rooftops una llic\u00e8ncia mundial, gratu\u00efta i no exclusiva per utilitzar, reproduir, publicar i distribuir el projecte en qualsevol format i a trav\u00e9s de qualsevol mitj\u00e0 de difusi\u00f3.<\/p>\n<p>&nbsp;<\/p>\n<ol start=\"6\">\n<li><strong> CANCEL\u00b7LACI\u00d3 DEL CONCURS<\/strong><\/li>\n<\/ol>\n<p>Reusing Rooftops es reserva el dret de cancel\u00b7lar un concurs a causa de la falta d&#8217;inscripcions, donant av\u00eds previ als usuaris que ja s&#8217;hagin registrat i pagat el preu. En aquest cas, l&#8217;import total del preu ser\u00e0 reemborsat dins dels 15 dies seg\u00fcents a la notificaci\u00f3 de la cancel\u00b7laci\u00f3.<\/p>\n<p>&nbsp;<\/p>\n<ol start=\"7\">\n<li><strong> MODIFICACI\u00d3 DE LES NORMES DE PARTICIPACI\u00d3 EN EL CONCURS<\/strong><\/li>\n<\/ol>\n<p>Reusing Rooftops es reserva el dret de modificar aquestes Normes de Participaci\u00f3 en el Concurs en qualsevol moment, sent vinculants per als usuaris des del moment en qu\u00e8 es publiquen al lloc web. La data de l&#8217;\u00faltima modificaci\u00f3 ser\u00e0 indicada a la part superior.<\/p>\n<p>&nbsp;<\/p>\n<p><strong>CONTACTE<\/strong><\/p>\n<p>Si tens alguna pregunta sobre aquests Termes i Condicions o sobre les Normes de Participaci\u00f3 en el Concurs, pots contactar-nos a trav\u00e9s del nostre correu electr\u00f2nic: info@reusingrooftops.com.<\/p>\n[\/vc_column_text][\/vc_column][\/vc_row]\n","protected":false},"excerpt":{"rendered":"<p>[vc_row type=&#8221;in_container&#8221; full_screen_row_position=&#8221;middle&#8221; column_margin=&#8221;default&#8221; column_direction=&#8221;default&#8221; column_direction_tablet=&#8221;default&#8221; column_direction_phone=&#8221;default&#8221; scene_position=&#8221;center&#8221; text_color=&#8221;dark&#8221; text_align=&#8221;left&#8221; row_border_radius=&#8221;none&#8221; row_border_radius_applies=&#8221;bg&#8221; overflow=&#8221;visible&#8221; overlay_strength=&#8221;0.3&#8243; gradient_direction=&#8221;left_to_right&#8221; shape_divider_position=&#8221;bottom&#8221; bg_image_animation=&#8221;none&#8221;][vc_column column_padding=&#8221;no-extra-padding&#8221; column_padding_tablet=&#8221;inherit&#8221; column_padding_phone=&#8221;inherit&#8221; column_padding_position=&#8221;all&#8221; column_element_direction_desktop=&#8221;default&#8221; column_element_spacing=&#8221;default&#8221; desktop_text_alignment=&#8221;default&#8221; tablet_text_alignment=&#8221;default&#8221; phone_text_alignment=&#8221;default&#8221; background_color_opacity=&#8221;1&#8243; background_hover_color_opacity=&#8221;1&#8243; column_backdrop_filter=&#8221;none&#8221; column_shadow=&#8221;none&#8221;&#8230;<\/p>\n","protected":false},"author":1,"featured_media":0,"parent":0,"menu_order":0,"comment_status":"closed","ping_status":"open","template":"","meta":{"om_disable_all_campaigns":false,"_monsterinsights_skip_tracking":false,"_monsterinsights_sitenote_active":false,"_monsterinsights_sitenote_note":"","_monsterinsights_sitenote_category":0,"footnotes":""},"aioseo_notices":[],"_links":{"self":[{"href":"https:\/\/reusingrooftops.com\/ca\/wp-json\/wp\/v2\/pages\/1272"}],"collection":[{"href":"https:\/\/reusingrooftops.com\/ca\/wp-json\/wp\/v2\/pages"}],"about":[{"href":"https:\/\/reusingrooftops.com\/ca\/wp-json\/wp\/v2\/types\/page"}],"author":[{"embeddable":true,"href":"https:\/\/reusingrooftops.com\/ca\/wp-json\/wp\/v2\/users\/1"}],"replies":[{"embeddable":true,"href":"https:\/\/reusingrooftops.com\/ca\/wp-json\/wp\/v2\/comments?post=1272"}],"version-history":[{"count":15,"href":"https:\/\/reusingrooftops.com\/ca\/wp-json\/wp\/v2\/pages\/1272\/revisions"}],"predecessor-version":[{"id":1370,"href":"https:\/\/reusingrooftops.com\/ca\/wp-json\/wp\/v2\/pages\/1272\/revisions\/1370"}],"wp:attachment":[{"href":"https:\/\/reusingrooftops.com\/ca\/wp-json\/wp\/v2\/media?parent=1272"}],"curies":[{"name":"wp","href":"https:\/\/api.w.org\/{rel}","templated":true}]}}