


{"id":1241,"date":"2024-04-18T11:44:49","date_gmt":"2024-04-18T09:44:49","guid":{"rendered":"https:\/\/reusingrooftops.com\/preguntes-frequents-reutilitzacio-de-teulades-barcelona-2024\/"},"modified":"2024-04-19T12:16:22","modified_gmt":"2024-04-19T10:16:22","slug":"faq","status":"publish","type":"page","link":"https:\/\/reusingrooftops.com\/ca\/faq\/","title":{"rendered":"Preguntes freq\u00fcents &#8211; Reusing Rooftops Barcelona 2024"},"content":{"rendered":"[vc_row type=&#8221;full_width_background&#8221; full_screen_row_position=&#8221;middle&#8221; column_margin=&#8221;default&#8221; column_direction=&#8221;default&#8221; column_direction_tablet=&#8221;default&#8221; column_direction_phone=&#8221;default&#8221; scene_position=&#8221;center&#8221; top_padding=&#8221;8%&#8221; left_padding_desktop=&#8221;10%&#8221; constrain_group_2=&#8221;yes&#8221; right_padding_desktop=&#8221;10%&#8221; text_color=&#8221;dark&#8221; text_align=&#8221;left&#8221; row_border_radius=&#8221;none&#8221; row_border_radius_applies=&#8221;bg&#8221; overflow=&#8221;visible&#8221; overlay_strength=&#8221;0.3&#8243; gradient_direction=&#8221;left_to_right&#8221; shape_divider_position=&#8221;bottom&#8221; bg_image_animation=&#8221;none&#8221; gradient_type=&#8221;default&#8221; shape_type=&#8221;&#8221;][vc_column column_padding=&#8221;no-extra-padding&#8221; column_padding_tablet=&#8221;inherit&#8221; column_padding_phone=&#8221;inherit&#8221; column_padding_position=&#8221;all&#8221; column_element_direction_desktop=&#8221;default&#8221; column_element_spacing=&#8221;default&#8221; desktop_text_alignment=&#8221;default&#8221; tablet_text_alignment=&#8221;default&#8221; phone_text_alignment=&#8221;default&#8221; background_color_opacity=&#8221;1&#8243; background_hover_color_opacity=&#8221;1&#8243; column_backdrop_filter=&#8221;none&#8221; column_shadow=&#8221;none&#8221; column_border_radius=&#8221;none&#8221; column_link_target=&#8221;_self&#8221; column_position=&#8221;default&#8221; gradient_direction=&#8221;left_to_right&#8221; overlay_strength=&#8221;0.3&#8243; width=&#8221;1\/1&#8243; tablet_width_inherit=&#8221;default&#8221; animation_type=&#8221;default&#8221; bg_image_animation=&#8221;none&#8221; border_type=&#8221;simple&#8221; column_border_width=&#8221;none&#8221; column_border_style=&#8221;solid&#8221;][vc_row_inner column_margin=&#8221;default&#8221; column_direction=&#8221;default&#8221; column_direction_tablet=&#8221;default&#8221; column_direction_phone=&#8221;default&#8221; bottom_padding=&#8221;4%&#8221; text_align=&#8221;left&#8221; row_position=&#8221;default&#8221; row_position_tablet=&#8221;inherit&#8221; row_position_phone=&#8221;inherit&#8221; overflow=&#8221;visible&#8221; pointer_events=&#8221;all&#8221;][vc_column_inner column_padding=&#8221;no-extra-padding&#8221; column_padding_tablet=&#8221;inherit&#8221; column_padding_phone=&#8221;inherit&#8221; column_padding_position=&#8221;all&#8221; column_element_direction_desktop=&#8221;default&#8221; column_element_spacing=&#8221;default&#8221; centered_text=&#8221;true&#8221; desktop_text_alignment=&#8221;default&#8221; tablet_text_alignment=&#8221;default&#8221; phone_text_alignment=&#8221;default&#8221; background_color_opacity=&#8221;1&#8243; background_hover_color_opacity=&#8221;1&#8243; column_backdrop_filter=&#8221;none&#8221; column_shadow=&#8221;none&#8221; column_border_radius=&#8221;none&#8221; column_link_target=&#8221;_self&#8221; overflow=&#8221;visible&#8221; advanced_gradient_angle=&#8221;0&#8243; gradient_direction=&#8221;left_to_right&#8221; overlay_strength=&#8221;0.3&#8243; width=&#8221;1\/1&#8243; tablet_width_inherit=&#8221;default&#8221; animation_type=&#8221;default&#8221; bg_image_animation=&#8221;none&#8221; border_type=&#8221;simple&#8221; column_border_width=&#8221;none&#8221; column_border_style=&#8221;solid&#8221; gradient_type=&#8221;default&#8221;][nectar_highlighted_text style=&#8221;none&#8221; custom_font_size=&#8221;3vw&#8221; font_size_tablet=&#8221;6vw&#8221; font_line_height=&#8221;1.2&#8243;]\n<h1>Preguntes freq\u00fcents<\/h1>\n[\/nectar_highlighted_text][\/vc_column_inner][\/vc_row_inner][\/vc_column][\/vc_row][vc_row type=&#8221;full_width_content&#8221; full_screen_row_position=&#8221;middle&#8221; column_margin=&#8221;custom&#8221; column_margin_custom=&#8221;7vw&#8221; equal_height=&#8221;yes&#8221; content_placement=&#8221;middle&#8221; column_direction=&#8221;default&#8221; column_direction_tablet=&#8221;default&#8221; column_direction_phone=&#8221;default&#8221; bg_color=&#8221;#f8f8f8&#8243; scene_position=&#8221;center&#8221; top_padding=&#8221;3%&#8221; bottom_padding=&#8221;12%&#8221; left_padding_desktop=&#8221;7vw&#8221; constrain_group_2=&#8221;yes&#8221; right_padding_desktop=&#8221;7vw&#8221; text_color=&#8221;dark&#8221; text_align=&#8221;left&#8221; row_border_radius=&#8221;none&#8221; row_border_radius_applies=&#8221;bg&#8221; overflow=&#8221;visible&#8221; advanced_gradient_angle=&#8221;0&#8243; overlay_strength=&#8221;0.8&#8243; gradient_direction=&#8221;left_to_right&#8221; enable_shape_divider=&#8221;true&#8221; shape_divider_color=&#8221;#000000&#8243; shape_divider_position=&#8221;bottom&#8221; shape_divider_height=&#8221;99%&#8221; bg_image_animation=&#8221;clip-path&#8221; clip_path_animation_type=&#8221;scroll&#8221; clip_path_animation_applies=&#8221;default&#8221; clip_path_start_bottom_desktop=&#8221;0&#8243; clip_path_start_left_desktop=&#8221;0&#8243; clip_path_start_right_desktop=&#8221;0&#8243; clip_path_end_bottom_desktop=&#8221;4%&#8221; clip_path_end_left_desktop=&#8221;4%&#8221; clip_path_end_right_desktop=&#8221;4%&#8221; clip_path_start_roundness=&#8221;0&#8243; clip_path_end_roundness=&#8221;20&#8243; animation_trigger_offset=&#8221;32.00,50.00&#8243; animation_trigger_origin=&#8221;bottom&#8221; shape_type=&#8221;straight_section&#8221; gradient_type=&#8221;default&#8221;][vc_column left_padding_desktop=&#8221;2vw&#8221; column_element_direction_desktop=&#8221;default&#8221; column_element_spacing=&#8221;default&#8221; desktop_text_alignment=&#8221;default&#8221; tablet_text_alignment=&#8221;default&#8221; phone_text_alignment=&#8221;default&#8221; background_color_opacity=&#8221;1&#8243; background_hover_color_opacity=&#8221;1&#8243; column_backdrop_filter=&#8221;none&#8221; column_shadow=&#8221;none&#8221; column_border_radius=&#8221;none&#8221; column_link_target=&#8221;_self&#8221; column_position=&#8221;default&#8221; advanced_gradient_angle=&#8221;0&#8243; gradient_direction=&#8221;left_to_right&#8221; overlay_strength=&#8221;0.3&#8243; width=&#8221;1\/2&#8243; tablet_width_inherit=&#8221;default&#8221; animation_type=&#8221;default&#8221; bg_image_animation=&#8221;none&#8221; border_type=&#8221;simple&#8221; column_border_width=&#8221;none&#8221; column_border_style=&#8221;solid&#8221; column_padding_type=&#8221;advanced&#8221; gradient_type=&#8221;default&#8221;][toggles style=&#8221;minimal_shadow&#8221; accordion=&#8221;true&#8221; accordion_starting_functionality=&#8221;default&#8221; border_radius=&#8221;none&#8221;][toggle color=&#8221;Accent-Color&#8221; heading_tag=&#8221;h3&#8243; heading_tag_functionality=&#8221;default&#8221; title=&#8221;El concurs est\u00e0 limitat nom\u00e9s a estudiants o professionals?&#8221;][vc_column_text text_direction=&#8221;default&#8221;]Els nostres concursos estan oberts a tothom major de 18 anys que desitgi participar i mostrar les seves idees i solucions als desafiaments plantejats al concurs. Tant estudiants com professionals de qualsevol disciplina: arquitectes, dissenyadors, enginyers, fot\u00f2grafs, etc.[\/vc_column_text][\/toggle][toggle color=&#8221;Accent-Color&#8221; heading_tag=&#8221;h3&#8243; heading_tag_functionality=&#8221;default&#8221; title=&#8221;Puc registrar-me avui i modificar els membres del meu equip m\u00e9s tard?&#8221;][vc_column_text text_direction=&#8221;default&#8221;]S\u00ed, sempre pots afegir, eliminar o canviar els membres del teu equip. Trobar\u00e0s un enlla\u00e7 per fer-ho a l&#8217;\u00e0rea de participants al nostre lloc web.[\/vc_column_text][\/toggle][toggle color=&#8221;Accent-Color&#8221; heading_tag=&#8221;h3&#8243; heading_tag_functionality=&#8221;default&#8221; title=&#8221;Quants participants hi pot haver per equip? Es permet la participaci\u00f3 individual?&#8221;][vc_column_text text_direction=&#8221;default&#8221;]Els equips poden tenir entre 1 i 4 participants, per tant la participaci\u00f3 individual \u00e9s totalment v\u00e0lida.[\/vc_column_text][\/toggle][toggle color=&#8221;Default&#8221; heading_tag=&#8221;h3&#8243; heading_tag_functionality=&#8221;default&#8221; title=&#8221;Despr\u00e9s de registrar-me, qu\u00e8 he de rebre?&#8221;][vc_column_text text_direction=&#8221;default&#8221;]Haur\u00edeu de rebre dos correus electr\u00f2nics a l&#8217;adre\u00e7a electr\u00f2nica introdu\u00efda durant el proc\u00e9s de pagament. El primer confirmant el vostre pagament amb un n\u00famero d&#8217;ordre que heu d&#8217;utilitzar per identificar el vostre projecte, i un segon correu electr\u00f2nic de benvinguda amb l&#8217;enlla\u00e7 per descarregar el material del concurs. Si al cap de 24 hores no heu rebut aquests correus electr\u00f2nics, comproveu la vostra carpeta de correu brossa i, si no els trobeu, poseu-vos en contacte amb nosaltres a trav\u00e9s del nostre correu electr\u00f2nic: info@reusingrooftops.com.[\/vc_column_text][\/toggle][toggle color=&#8221;Accent-Color&#8221; heading_tag=&#8221;h3&#8243; heading_tag_functionality=&#8221;default&#8221; title=&#8221;Qu\u00e8 he de presentar per al concurs?&#8221;][vc_column_text text_direction=&#8221;default&#8221;]Els participants han d&#8217;enviar dos fitxers digitals a trav\u00e9s de l&#8217;\u00e0rea de participants de la nostra web: una &#8220;L\u00e0mina A1&#8221; en format JPEG o JPG i una &#8220;Descripci\u00f3 del projecte&#8221; de fins a 400 paraules en format PDF. Els dos fitxers s&#8217;han d&#8217;anomenar amb el n\u00famero d&#8217;ordre que apareix al correu electr\u00f2nic de confirmaci\u00f3 de pagament que rebr\u00e0s despr\u00e9s de registrar-te. Podeu trobar tots els detalls al briefing del concurs a la secci\u00f3 &#8220;Presentaci\u00f3&#8221;[\/vc_column_text][\/toggle][toggle color=&#8221;Accent-Color&#8221; heading_tag=&#8221;h3&#8243; heading_tag_functionality=&#8221;default&#8221; title=&#8221;El meu equip pot presentar m\u00e9s d&#8217;una proposta?&#8221;][vc_column_text text_direction=&#8221;default&#8221;]S\u00ed, podeu presentar tantes propostes com vulgueu, per\u00f2 caldr\u00e0 que us registreu al concurs tantes vegades com vulgueu presentar propostes.[\/vc_column_text][\/toggle][toggle color=&#8221;Accent-Color&#8221; heading_tag=&#8221;h3&#8243; heading_tag_functionality=&#8221;default&#8221; title=&#8221;Tinc problemes per completar el pagament:&#8221;][vc_column_text text_direction=&#8221;default&#8221;]Alguns pa\u00efsos tenen restriccions als pagaments internacionals, que poden impedir que el vostre banc aprovi la transacci\u00f3 i dificultar el registre. Si aix\u00f2 passa, proveu de tornar a registrar-vos amb una targeta de cr\u00e8dit diferent, preferiblement d&#8217;un altre banc o una que admeti transaccions internacionals. Si el problema persisteix, poseu-vos en contacte amb nosaltres a info@reusingrooftops.com.[\/vc_column_text][\/toggle][toggle color=&#8221;Accent-Color&#8221; heading_tag=&#8221;h3&#8243; heading_tag_functionality=&#8221;default&#8221; title=&#8221;No trobo el meu pa\u00eds entre les opcions durant el proc\u00e9s de registre&#8221;][vc_column_text text_direction=&#8221;default&#8221;]En aquest cas, si us plau, seleccioneu qualsevol altre pa\u00eds (aix\u00f2 nom\u00e9s \u00e9s amb finalitats estad\u00edstiques) i envieu-nos un correu electr\u00f2nic a info@reusingrooftops.com indicant el pa\u00eds que voleu incloure al vostre equip.[\/vc_column_text][\/toggle][toggle color=&#8221;Accent-Color&#8221; heading_tag=&#8221;h3&#8243; heading_tag_functionality=&#8221;default&#8221; title=&#8221;Quins idiomes s&#8217;accepten per als materials enviats?&#8221;][vc_column_text text_direction=&#8221;default&#8221;]Els idiomes acceptats s\u00f3n el castell\u00e0, l&#8217;angl\u00e8s i el catal\u00e0.[\/vc_column_text][\/toggle][toggle color=&#8221;Accent-Color&#8221; heading_tag=&#8221;h3&#8243; heading_tag_functionality=&#8221;default&#8221; title=&#8221;L&#8217;esdeveniment \u00e9s presencial o en l\u00ednia?&#8221;][vc_column_text text_direction=&#8221;default&#8221;]L&#8217;acte \u00e9s presencial i se celebrar\u00e0 durant les Setmanes d&#8217;Arquitectura de Barcelona. Us convidem a registrar-vos a la nostra web per assistir-hi personalment.[\/vc_column_text][\/toggle][toggle color=&#8221;Accent-Color&#8221; heading_tag=&#8221;h3&#8243; heading_tag_functionality=&#8221;default&#8221; title=&#8221;Puc utilitzar una altra illa o edifici per ubicar el meu projecte?&#8221;][vc_column_text text_direction=&#8221;default&#8221;]S\u00ed, pots, per\u00f2 recomanem ubicar-lo a l&#8217;illa prototip proposada perqu\u00e8 els projectes participants siguin m\u00e9s f\u00e0cilment avaluables pel jurat.[\/vc_column_text][\/toggle][\/toggles][\/vc_column][vc_column right_padding_desktop=&#8221;2vw&#8221; top_margin_tablet=&#8221;10%&#8221; column_element_direction_desktop=&#8221;default&#8221; column_element_spacing=&#8221;default&#8221; desktop_text_alignment=&#8221;default&#8221; tablet_text_alignment=&#8221;default&#8221; phone_text_alignment=&#8221;default&#8221; sticky_content=&#8221;true&#8221; sticky_content_functionality=&#8221;js&#8221; background_color_opacity=&#8221;1&#8243; background_hover_color_opacity=&#8221;1&#8243; column_backdrop_filter=&#8221;none&#8221; column_shadow=&#8221;none&#8221; column_border_radius=&#8221;none&#8221; column_link_target=&#8221;_self&#8221; column_position=&#8221;default&#8221; advanced_gradient_angle=&#8221;0&#8243; gradient_direction=&#8221;left_to_right&#8221; overlay_strength=&#8221;0.3&#8243; width=&#8221;1\/2&#8243; tablet_width_inherit=&#8221;default&#8221; animation_type=&#8221;default&#8221; bg_image_animation=&#8221;none&#8221; border_type=&#8221;simple&#8221; column_border_width=&#8221;none&#8221; column_border_style=&#8221;solid&#8221; column_padding_type=&#8221;advanced&#8221; gradient_type=&#8221;default&#8221;][vc_row_inner column_margin=&#8221;default&#8221; column_direction=&#8221;default&#8221; column_direction_tablet=&#8221;default&#8221; column_direction_phone=&#8221;default&#8221; text_align=&#8221;left&#8221; row_position=&#8221;default&#8221; row_position_tablet=&#8221;inherit&#8221; row_position_phone=&#8221;inherit&#8221; max_width_desktop=&#8221;800px&#8221; overflow=&#8221;visible&#8221; pointer_events=&#8221;all&#8221;][vc_column_inner column_padding=&#8221;no-extra-padding&#8221; column_padding_tablet=&#8221;inherit&#8221; column_padding_phone=&#8221;inherit&#8221; column_padding_position=&#8221;all&#8221; column_element_direction_desktop=&#8221;default&#8221; column_element_spacing=&#8221;default&#8221; desktop_text_alignment=&#8221;default&#8221; tablet_text_alignment=&#8221;default&#8221; phone_text_alignment=&#8221;default&#8221; background_color=&#8221;#ff6b3d&#8221; background_color_opacity=&#8221;1&#8243; background_hover_color_opacity=&#8221;1&#8243; column_backdrop_filter=&#8221;none&#8221; column_shadow=&#8221;none&#8221; column_border_radius=&#8221;15px&#8221; column_link_target=&#8221;_self&#8221; overflow=&#8221;hidden&#8221; advanced_gradient_radial_position=&#8221;top right&#8221; width=&#8221;1\/1&#8243; tablet_width_inherit=&#8221;default&#8221; animation_type=&#8221;default&#8221; bg_image_animation=&#8221;none&#8221; border_type=&#8221;simple&#8221; column_border_width=&#8221;none&#8221; column_border_style=&#8221;solid&#8221; column_padding_type=&#8221;default&#8221; gradient_type=&#8221;advanced&#8221; advanced_gradient_display_type=&#8221;radial&#8221;][nectar_animated_shape shape_color=&#8221;#ffce59&#8243; width_desktop=&#8221;65vw&#8221; animation=&#8221;none&#8221; animation_easing=&#8221;easeInOutCubic&#8221; animation_movement_type=&#8221;transform_y&#8221; position_desktop=&#8221;absolute&#8221; top_position_desktop=&#8221;0&#8243; bottom_position_desktop=&#8221;0&#8243; left_position_desktop=&#8221;0&#8243; translate_y_desktop=&#8221;10%&#8221; translate_x_desktop=&#8221;-50%&#8221; zindex=&#8221;-1&#8243; animation_offset=&#8221;160%&#8221;][image_with_animation image_url=&#8221;1032&#8243; image_size=&#8221;large_featured&#8221; animation_type=&#8221;entrance&#8221; animation=&#8221;None&#8221; animation_movement_type=&#8221;transform_y&#8221; animation_movement_intensity=&#8221;-0.8&#8243; hover_animation=&#8221;none&#8221; alignment=&#8221;right&#8221; border_radius=&#8221;none&#8221; box_shadow=&#8221;custom&#8221; box_shadow_method=&#8221;filter&#8221; image_loading=&#8221;default&#8221; max_width=&#8221;100%&#8221; max_width_mobile=&#8221;default&#8221; custom_box_shadow=&#8221;horizontal:-25,vertical:5,blur:25,spread:0,opacity:0&#8243; margin_bottom=&#8221;-5%&#8221; margin_top=&#8221;5%&#8221;][\/vc_column_inner][\/vc_row_inner][\/vc_column][\/vc_row]\n","protected":false},"excerpt":{"rendered":"<p>[vc_row type=&#8221;full_width_background&#8221; full_screen_row_position=&#8221;middle&#8221; column_margin=&#8221;default&#8221; column_direction=&#8221;default&#8221; column_direction_tablet=&#8221;default&#8221; column_direction_phone=&#8221;default&#8221; scene_position=&#8221;center&#8221; top_padding=&#8221;8%&#8221; left_padding_desktop=&#8221;10%&#8221; constrain_group_2=&#8221;yes&#8221; right_padding_desktop=&#8221;10%&#8221; text_color=&#8221;dark&#8221; text_align=&#8221;left&#8221; row_border_radius=&#8221;none&#8221; row_border_radius_applies=&#8221;bg&#8221; overflow=&#8221;visible&#8221; overlay_strength=&#8221;0.3&#8243; gradient_direction=&#8221;left_to_right&#8221; shape_divider_position=&#8221;bottom&#8221; bg_image_animation=&#8221;none&#8221; gradient_type=&#8221;default&#8221; shape_type=&#8221;&#8221;][vc_column column_padding=&#8221;no-extra-padding&#8221; column_padding_tablet=&#8221;inherit&#8221; column_padding_phone=&#8221;inherit&#8221; column_padding_position=&#8221;all&#8221; column_element_direction_desktop=&#8221;default&#8221; column_element_spacing=&#8221;default&#8221; desktop_text_alignment=&#8221;default&#8221;&#8230;<\/p>\n","protected":false},"author":1,"featured_media":0,"parent":0,"menu_order":0,"comment_status":"closed","ping_status":"closed","template":"","meta":{"om_disable_all_campaigns":false,"_monsterinsights_skip_tracking":false,"_monsterinsights_sitenote_active":false,"_monsterinsights_sitenote_note":"","_monsterinsights_sitenote_category":0,"footnotes":""},"aioseo_notices":[],"_links":{"self":[{"href":"https:\/\/reusingrooftops.com\/ca\/wp-json\/wp\/v2\/pages\/1241"}],"collection":[{"href":"https:\/\/reusingrooftops.com\/ca\/wp-json\/wp\/v2\/pages"}],"about":[{"href":"https:\/\/reusingrooftops.com\/ca\/wp-json\/wp\/v2\/types\/page"}],"author":[{"embeddable":true,"href":"https:\/\/reusingrooftops.com\/ca\/wp-json\/wp\/v2\/users\/1"}],"replies":[{"embeddable":true,"href":"https:\/\/reusingrooftops.com\/ca\/wp-json\/wp\/v2\/comments?post=1241"}],"version-history":[{"count":18,"href":"https:\/\/reusingrooftops.com\/ca\/wp-json\/wp\/v2\/pages\/1241\/revisions"}],"predecessor-version":[{"id":1412,"href":"https:\/\/reusingrooftops.com\/ca\/wp-json\/wp\/v2\/pages\/1241\/revisions\/1412"}],"wp:attachment":[{"href":"https:\/\/reusingrooftops.com\/ca\/wp-json\/wp\/v2\/media?parent=1241"}],"curies":[{"name":"wp","href":"https:\/\/api.w.org\/{rel}","templated":true}]}}